{"id":182,"date":"2023-07-04T11:45:43","date_gmt":"2023-07-04T09:45:43","guid":{"rendered":"https:\/\/astrolabium.be\/erasme\/?page_id=182"},"modified":"2023-11-29T14:12:19","modified_gmt":"2023-11-29T13:12:19","slug":"qui-sommes-nous","status":"publish","type":"page","link":"https:\/\/astrolabium.be\/erasme\/?page_id=182","title":{"rendered":"Qui sommes-nous ?"},"content":{"rendered":"\t\t<div data-elementor-type=\"wp-page\" data-elementor-id=\"182\" class=\"elementor elementor-182\" data-elementor-post-type=\"page\">\n\t\t\t\t<div class=\"elementor-element elementor-element-2691ccd e-con-full e-flex e-con e-parent\" data-id=\"2691ccd\" data-element_type=\"container\" data-e-type=\"container\" data-settings=\"{&quot;background_background&quot;:&quot;classic&quot;}\">\n\t\t\t\t<div class=\"elementor-element elementor-element-f9fe424 elementor-widget elementor-widget-heading\" data-id=\"f9fe424\" data-element_type=\"widget\" data-e-type=\"widget\" data-widget_type=\"heading.default\">\n\t\t\t\t<div class=\"elementor-widget-container\">\n\t\t\t\t\t<h2 class=\"elementor-heading-title elementor-size-default\">Qui sommes-nous ?<\/h2>\t\t\t\t<\/div>\n\t\t\t\t<\/div>\n\t\t\t\t<\/div>\n\t\t<div class=\"elementor-element elementor-element-0775b7e e-con-full e-flex e-con e-parent\" data-id=\"0775b7e\" data-element_type=\"container\" data-e-type=\"container\" data-settings=\"{&quot;background_background&quot;:&quot;classic&quot;}\">\n\t\t\t\t<div class=\"elementor-element elementor-element-86da765 elementor-widget elementor-widget-image\" data-id=\"86da765\" data-element_type=\"widget\" data-e-type=\"widget\" data-widget_type=\"image.default\">\n\t\t\t\t<div class=\"elementor-widget-container\">\n\t\t\t\t\t\t\t\t\t\t\t\t\t\t\t<img fetchpriority=\"high\" decoding=\"async\" width=\"2560\" height=\"1247\" src=\"https:\/\/astrolabium.be\/erasme\/wp-content\/uploads\/sites\/3\/2023\/09\/nous-scaled.jpg\" class=\"attachment-full size-full wp-image-525\" alt=\"\" srcset=\"https:\/\/astrolabium.be\/erasme\/wp-content\/uploads\/sites\/3\/2023\/09\/nous-scaled.jpg 2560w, https:\/\/astrolabium.be\/erasme\/wp-content\/uploads\/sites\/3\/2023\/09\/nous-300x146.jpg 300w, https:\/\/astrolabium.be\/erasme\/wp-content\/uploads\/sites\/3\/2023\/09\/nous-1024x499.jpg 1024w, https:\/\/astrolabium.be\/erasme\/wp-content\/uploads\/sites\/3\/2023\/09\/nous-768x374.jpg 768w, https:\/\/astrolabium.be\/erasme\/wp-content\/uploads\/sites\/3\/2023\/09\/nous-1536x748.jpg 1536w, https:\/\/astrolabium.be\/erasme\/wp-content\/uploads\/sites\/3\/2023\/09\/nous-2048x997.jpg 2048w\" sizes=\"(max-width: 2560px) 100vw, 2560px\" \/>\t\t\t\t\t\t\t\t\t\t\t\t\t\t\t<\/div>\n\t\t\t\t<\/div>\n\t\t\t\t<div class=\"elementor-element elementor-element-d792a10 elementor-widget__width-initial elementor-widget elementor-widget-heading\" data-id=\"d792a10\" data-element_type=\"widget\" data-e-type=\"widget\" data-widget_type=\"heading.default\">\n\t\t\t\t<div class=\"elementor-widget-container\">\n\t\t\t\t\t<h2 class=\"elementor-heading-title elementor-size-default\">\u00c9l\u00e8ves et accompagnat.eurs.rices des deux classes de 4e secondaire de l\u2019Ath\u00e9n\u00e9e Bracops Lambert \u00e0 Anderlecht et de l\u2019Institut Notre Dame de Lourdes \u00e0 Laeken<\/h2>\t\t\t\t<\/div>\n\t\t\t\t<\/div>\n\t\t\t\t<div class=\"elementor-element elementor-element-74b8c69 elementor-widget elementor-widget-text-editor\" data-id=\"74b8c69\" data-element_type=\"widget\" data-e-type=\"widget\" data-widget_type=\"text-editor.default\">\n\t\t\t\t<div class=\"elementor-widget-container\">\n\t\t\t\t\t\t\t\t\t<p>Avec le soutien de:<\/p>\t\t\t\t\t\t\t\t<\/div>\n\t\t\t\t<\/div>\n\t\t<div class=\"elementor-element elementor-element-e8d8569 e-con-full e-flex e-con e-child\" data-id=\"e8d8569\" data-element_type=\"container\" data-e-type=\"container\">\n\t\t<div class=\"elementor-element elementor-element-ff20ccc e-con-full e-flex e-con e-child\" data-id=\"ff20ccc\" data-element_type=\"container\" data-e-type=\"container\">\n\t\t\t\t<div class=\"elementor-element elementor-element-9fcf104 elementor-widget__width-initial elementor-widget elementor-widget-image\" data-id=\"9fcf104\" data-element_type=\"widget\" data-e-type=\"widget\" data-widget_type=\"image.default\">\n\t\t\t\t<div class=\"elementor-widget-container\">\n\t\t\t\t\t\t\t\t\t\t\t\t\t\t\t<img decoding=\"async\" width=\"500\" height=\"204\" src=\"https:\/\/astrolabium.be\/erasme\/wp-content\/uploads\/sites\/3\/2023\/09\/roibaudouin.png\" class=\"attachment-large size-large wp-image-671\" alt=\"\" srcset=\"https:\/\/astrolabium.be\/erasme\/wp-content\/uploads\/sites\/3\/2023\/09\/roibaudouin.png 500w, https:\/\/astrolabium.be\/erasme\/wp-content\/uploads\/sites\/3\/2023\/09\/roibaudouin-300x122.png 300w\" sizes=\"(max-width: 500px) 100vw, 500px\" \/>\t\t\t\t\t\t\t\t\t\t\t\t\t\t\t<\/div>\n\t\t\t\t<\/div>\n\t\t<div class=\"elementor-element elementor-element-cd28657 e-flex e-con-boxed e-con e-child\" data-id=\"cd28657\" data-element_type=\"container\" data-e-type=\"container\">\n\t\t\t\t\t<div class=\"e-con-inner\">\n\t\t\t\t<div class=\"elementor-element elementor-element-c92203f elementor-widget elementor-widget-text-editor\" data-id=\"c92203f\" data-element_type=\"widget\" data-e-type=\"widget\" data-widget_type=\"text-editor.default\">\n\t\t\t\t<div class=\"elementor-widget-container\">\n\t\t\t\t\t\t\t\t\t<p>Fonds Ir\u00e8ne Heidebroek et Eliane Van Duyse<\/p>\t\t\t\t\t\t\t\t<\/div>\n\t\t\t\t<\/div>\n\t\t\t\t<div class=\"elementor-element elementor-element-1a01ad2 elementor-widget elementor-widget-text-editor\" data-id=\"1a01ad2\" data-element_type=\"widget\" data-e-type=\"widget\" data-widget_type=\"text-editor.default\">\n\t\t\t\t<div class=\"elementor-widget-container\">\n\t\t\t\t\t\t\t\t\t<p>Le Fonds Ir\u00e8ne Heidebroek et Eliane Van Duyse a pour but d\u2019encourager les jeunes de 12 \u00e0 18 ans \u00e0 s\u2019int\u00e9resser \u00e0 l\u2019art et \u00e0 l\u2019histoire belge et \u00e0<br \/>visiter les mus\u00e9es ou tout autre lieu d\u2019int\u00e9r\u00eat artistique ou historique de<br \/>notre pays.Le Fonds est g\u00e9r\u00e9 par la Fondation Roi Baudouin et lance chaque<br \/>ann\u00e9e un appel \u00e0 projet. Plus d\u2019information sur <a href=\"http:\/\/www.kbs-frb.be\">www.kbs-frb.be<\/a><\/p>\t\t\t\t\t\t\t\t<\/div>\n\t\t\t\t<\/div>\n\t\t\t\t\t<\/div>\n\t\t\t\t<\/div>\n\t\t\t\t<\/div>\n\t\t<div class=\"elementor-element elementor-element-966a598 e-con-full e-flex e-con e-child\" data-id=\"966a598\" data-element_type=\"container\" data-e-type=\"container\">\n\t\t\t\t<div class=\"elementor-element elementor-element-0fd54aa elementor-widget__width-initial elementor-widget elementor-widget-image\" data-id=\"0fd54aa\" data-element_type=\"widget\" data-e-type=\"widget\" data-widget_type=\"image.default\">\n\t\t\t\t<div class=\"elementor-widget-container\">\n\t\t\t\t\t\t\t\t\t\t\t\t\t\t\t<img decoding=\"async\" width=\"363\" height=\"274\" src=\"https:\/\/astrolabium.be\/erasme\/wp-content\/uploads\/sites\/3\/2023\/09\/logoabl.png\" class=\"attachment-large size-large wp-image-670\" alt=\"\" srcset=\"https:\/\/astrolabium.be\/erasme\/wp-content\/uploads\/sites\/3\/2023\/09\/logoabl.png 363w, https:\/\/astrolabium.be\/erasme\/wp-content\/uploads\/sites\/3\/2023\/09\/logoabl-300x226.png 300w\" sizes=\"(max-width: 363px) 100vw, 363px\" \/>\t\t\t\t\t\t\t\t\t\t\t\t\t\t\t<\/div>\n\t\t\t\t<\/div>\n\t\t<div class=\"elementor-element elementor-element-6b2981e e-flex e-con-boxed e-con e-child\" data-id=\"6b2981e\" data-element_type=\"container\" data-e-type=\"container\">\n\t\t\t\t\t<div class=\"e-con-inner\">\n\t\t\t\t<div class=\"elementor-element elementor-element-a5cb018 elementor-widget elementor-widget-text-editor\" data-id=\"a5cb018\" data-element_type=\"widget\" data-e-type=\"widget\" data-widget_type=\"text-editor.default\">\n\t\t\t\t<div class=\"elementor-widget-container\">\n\t\t\t\t\t\t\t\t\t<p>L\u2019Ath\u00e9n\u00e9e Bracops Lambert<\/p>\t\t\t\t\t\t\t\t<\/div>\n\t\t\t\t<\/div>\n\t\t\t\t<div class=\"elementor-element elementor-element-fc5eae6 elementor-widget elementor-widget-text-editor\" data-id=\"fc5eae6\" data-element_type=\"widget\" data-e-type=\"widget\" data-widget_type=\"text-editor.default\">\n\t\t\t\t<div class=\"elementor-widget-container\">\n\t\t\t\t\t\t\t\t\t<p>Rue de la procession , 78<br \/>1070 Anderlecht<br \/>T\u00e9l : 02 521 80 95 &#8211; 02 521 52 40<br \/>Fax : 02 527 10 89<br \/><a href=\"http:\/\/www.bracopslambert.be\">http:\/\/www.bracopslambert.be<\/a><\/p>\t\t\t\t\t\t\t\t<\/div>\n\t\t\t\t<\/div>\n\t\t\t\t\t<\/div>\n\t\t\t\t<\/div>\n\t\t\t\t<\/div>\n\t\t\t\t<\/div>\n\t\t<div class=\"elementor-element elementor-element-c1cf3f3 e-con-full e-flex e-con e-child\" data-id=\"c1cf3f3\" data-element_type=\"container\" data-e-type=\"container\">\n\t\t<div class=\"elementor-element elementor-element-db727de e-con-full e-flex e-con e-child\" data-id=\"db727de\" data-element_type=\"container\" data-e-type=\"container\">\n\t\t\t\t<div class=\"elementor-element elementor-element-9a7248b elementor-widget__width-initial elementor-widget elementor-widget-image\" data-id=\"9a7248b\" data-element_type=\"widget\" data-e-type=\"widget\" data-widget_type=\"image.default\">\n\t\t\t\t<div class=\"elementor-widget-container\">\n\t\t\t\t\t\t\t\t\t\t\t\t\t\t\t<img loading=\"lazy\" decoding=\"async\" width=\"292\" height=\"171\" src=\"https:\/\/astrolabium.be\/erasme\/wp-content\/uploads\/sites\/3\/2023\/09\/indl.png\" class=\"attachment-large size-large wp-image-668\" alt=\"\" \/>\t\t\t\t\t\t\t\t\t\t\t\t\t\t\t<\/div>\n\t\t\t\t<\/div>\n\t\t<div class=\"elementor-element elementor-element-b35f3de e-flex e-con-boxed e-con e-child\" data-id=\"b35f3de\" data-element_type=\"container\" data-e-type=\"container\">\n\t\t\t\t\t<div class=\"e-con-inner\">\n\t\t\t\t<div class=\"elementor-element elementor-element-e4ff859 elementor-widget elementor-widget-text-editor\" data-id=\"e4ff859\" data-element_type=\"widget\" data-e-type=\"widget\" data-widget_type=\"text-editor.default\">\n\t\t\t\t<div class=\"elementor-widget-container\">\n\t\t\t\t\t\t\t\t\t<p>L&rsquo;Institut Notre-Dame de Lourdes<\/p>\t\t\t\t\t\t\t\t<\/div>\n\t\t\t\t<\/div>\n\t\t\t\t<div class=\"elementor-element elementor-element-3b40cad elementor-widget elementor-widget-text-editor\" data-id=\"3b40cad\" data-element_type=\"widget\" data-e-type=\"widget\" data-widget_type=\"text-editor.default\">\n\t\t\t\t<div class=\"elementor-widget-container\">\n\t\t\t\t\t\t\t\t\t<p>32, rue Edmond Tollenaere<br \/>1020 Bruxelles<br \/>T\u00e9l : 02\/424.09.23<br \/>Fax : O2\/425.14.10<br \/>indl.secretariat@skynet.be<br \/><a href=\"http:\/\/www.indl.be\/\">http:\/\/www.indl.be\/<\/a><\/p>\t\t\t\t\t\t\t\t<\/div>\n\t\t\t\t<\/div>\n\t\t\t\t\t<\/div>\n\t\t\t\t<\/div>\n\t\t\t\t<\/div>\n\t\t<div class=\"elementor-element elementor-element-f1a0641 e-con-full e-flex e-con e-child\" data-id=\"f1a0641\" data-element_type=\"container\" data-e-type=\"container\">\n\t\t\t\t<div class=\"elementor-element elementor-element-8f3ae97 elementor-widget__width-initial elementor-widget elementor-widget-image\" data-id=\"8f3ae97\" data-element_type=\"widget\" data-e-type=\"widget\" data-widget_type=\"image.default\">\n\t\t\t\t<div class=\"elementor-widget-container\">\n\t\t\t\t\t\t\t\t\t\t\t\t\t\t\t<img loading=\"lazy\" decoding=\"async\" width=\"246\" height=\"144\" src=\"https:\/\/astrolabium.be\/erasme\/wp-content\/uploads\/sites\/3\/2023\/09\/LOGO-bleu-fonce.png\" class=\"attachment-large size-large wp-image-552\" alt=\"\" \/>\t\t\t\t\t\t\t\t\t\t\t\t\t\t\t<\/div>\n\t\t\t\t<\/div>\n\t\t<div class=\"elementor-element elementor-element-4db8a86 e-flex e-con-boxed e-con e-child\" data-id=\"4db8a86\" data-element_type=\"container\" data-e-type=\"container\">\n\t\t\t\t\t<div class=\"e-con-inner\">\n\t\t\t\t<div class=\"elementor-element elementor-element-ac7ec8d elementor-widget elementor-widget-text-editor\" data-id=\"ac7ec8d\" data-element_type=\"widget\" data-e-type=\"widget\" data-widget_type=\"text-editor.default\">\n\t\t\t\t<div class=\"elementor-widget-container\">\n\t\t\t\t\t\t\t\t\t<p>La Maison d\u2019Erasme<\/p>\t\t\t\t\t\t\t\t<\/div>\n\t\t\t\t<\/div>\n\t\t\t\t<div class=\"elementor-element elementor-element-5d33e77 elementor-widget elementor-widget-text-editor\" data-id=\"5d33e77\" data-element_type=\"widget\" data-e-type=\"widget\" data-widget_type=\"text-editor.default\">\n\t\t\t\t<div class=\"elementor-widget-container\">\n\t\t\t\t\t\t\t\t\t<p>Rue du Chapitre, 31<br \/>B-1070 BRUXELLES<br \/>T\u00e9l. + 32 2 521 13 83<br \/>Fax + 32 2 527 12 69<br \/>E-mail : info@erasmushouse.museum<br \/><a href=\"http:\/\/www.erasmushouse.museum\">http:\/\/www.erasmushouse.museum<\/a><\/p>\t\t\t\t\t\t\t\t<\/div>\n\t\t\t\t<\/div>\n\t\t\t\t\t<\/div>\n\t\t\t\t<\/div>\n\t\t\t\t<\/div>\n\t\t\t\t<\/div>\n\t\t<div class=\"elementor-element elementor-element-4a91335 e-con-full e-flex e-con e-child\" data-id=\"4a91335\" data-element_type=\"container\" data-e-type=\"container\">\n\t\t<div class=\"elementor-element elementor-element-30e5dde e-con-full e-flex e-con e-child\" data-id=\"30e5dde\" data-element_type=\"container\" data-e-type=\"container\">\n\t\t\t\t<div class=\"elementor-element elementor-element-79c8adb elementor-widget__width-initial elementor-widget elementor-widget-image\" data-id=\"79c8adb\" data-element_type=\"widget\" data-e-type=\"widget\" data-widget_type=\"image.default\">\n\t\t\t\t<div class=\"elementor-widget-container\">\n\t\t\t\t\t\t\t\t\t\t\t\t\t\t\t<img loading=\"lazy\" decoding=\"async\" width=\"77\" height=\"115\" src=\"https:\/\/astrolabium.be\/erasme\/wp-content\/uploads\/sites\/3\/2023\/09\/logo_fond_blanc-petit.png\" class=\"attachment-large size-large wp-image-669\" alt=\"\" \/>\t\t\t\t\t\t\t\t\t\t\t\t\t\t\t<\/div>\n\t\t\t\t<\/div>\n\t\t<div class=\"elementor-element elementor-element-15a462b e-flex e-con-boxed e-con e-child\" data-id=\"15a462b\" data-element_type=\"container\" data-e-type=\"container\">\n\t\t\t\t\t<div class=\"e-con-inner\">\n\t\t\t\t<div class=\"elementor-element elementor-element-494b1e4 elementor-widget elementor-widget-text-editor\" data-id=\"494b1e4\" data-element_type=\"widget\" data-e-type=\"widget\" data-widget_type=\"text-editor.default\">\n\t\t\t\t<div class=\"elementor-widget-container\">\n\t\t\t\t\t\t\t\t\t<p>Le Centre National d\u2019Histoire des Sciences<\/p>\t\t\t\t\t\t\t\t<\/div>\n\t\t\t\t<\/div>\n\t\t\t\t<div class=\"elementor-element elementor-element-ab1005e elementor-widget elementor-widget-text-editor\" data-id=\"ab1005e\" data-element_type=\"widget\" data-e-type=\"widget\" data-widget_type=\"text-editor.default\">\n\t\t\t\t<div class=\"elementor-widget-container\">\n\t\t\t\t\t\t\t\t\t<p>Boulevard de l\u2019Empereur, 4<br \/>1000 Bruxelles<br \/>T\u00e9l. : 02 519 56 12<br \/>Email : info@astrolabium.be<br \/><a href=\"http:\/\/www.astrolabium.be\">http:\/\/www.astrolabium.be<\/a><\/p>\t\t\t\t\t\t\t\t<\/div>\n\t\t\t\t<\/div>\n\t\t\t\t\t<\/div>\n\t\t\t\t<\/div>\n\t\t\t\t<\/div>\n\t\t\t\t<\/div>\n\t\t\t\t<\/div>\n\t\t\t\t<\/div>\n\t\t","protected":false},"excerpt":{"rendered":"<p>\u00c9l\u00e8ves et accompagnat.eurs.rices des deux classes de 4e secondaire de l\u2019Ath\u00e9n\u00e9e Bracops Lambert \u00e0 Anderlecht et de l\u2019Institut Notre Dame de Lourdes \u00e0 Laeken Avec le soutien de: Fonds Ir\u00e8ne Heidebroek et Eliane Van Duyse Le Fonds Ir\u00e8ne Heidebroek et Eliane Van Duyse a pour but d\u2019encourager les jeunes de 12 \u00e0 18 ans \u00e0 [&hellip;]<\/p>\n","protected":false},"author":1,"featured_media":0,"parent":0,"menu_order":0,"comment_status":"closed","ping_status":"closed","template":"","meta":{"footnotes":""},"class_list":["post-182","page","type-page","status-publish","hentry"],"_links":{"self":[{"href":"https:\/\/astrolabium.be\/erasme\/index.php?rest_route=\/wp\/v2\/pages\/182","targetHints":{"allow":["GET"]}}],"collection":[{"href":"https:\/\/astrolabium.be\/erasme\/index.php?rest_route=\/wp\/v2\/pages"}],"about":[{"href":"https:\/\/astrolabium.be\/erasme\/index.php?rest_route=\/wp\/v2\/types\/page"}],"author":[{"embeddable":true,"href":"https:\/\/astrolabium.be\/erasme\/index.php?rest_route=\/wp\/v2\/users\/1"}],"replies":[{"embeddable":true,"href":"https:\/\/astrolabium.be\/erasme\/index.php?rest_route=%2Fwp%2Fv2%2Fcomments&post=182"}],"version-history":[{"count":5,"href":"https:\/\/astrolabium.be\/erasme\/index.php?rest_route=\/wp\/v2\/pages\/182\/revisions"}],"predecessor-version":[{"id":1846,"href":"https:\/\/astrolabium.be\/erasme\/index.php?rest_route=\/wp\/v2\/pages\/182\/revisions\/1846"}],"wp:attachment":[{"href":"https:\/\/astrolabium.be\/erasme\/index.php?rest_route=%2Fwp%2Fv2%2Fmedia&parent=182"}],"curies":[{"name":"wp","href":"https:\/\/api.w.org\/{rel}","templated":true}]}}